{"id":1441,"date":"2023-08-27T15:21:38","date_gmt":"2023-08-27T13:21:38","guid":{"rendered":"https:\/\/www.ganda.be\/recepteur\/"},"modified":"2024-01-10T12:55:13","modified_gmt":"2024-01-10T11:55:13","slug":"recepteur","status":"publish","type":"page","link":"https:\/\/www.ganda.be\/fr\/recepteur\/","title":{"rendered":"R\u00e9cepteur"},"content":{"rendered":"<p>[et_pb_section fb_built=\u00a0\u00bb1&Prime; admin_label=\u00a0\u00bbintro\u00a0\u00bb module_class=\u00a0\u00bbs-overlay\u00a0\u00bb _builder_version=\u00a0\u00bb4.21.2&Prime; _module_preset=\u00a0\u00bbdefault\u00a0\u00bb background_color=\u00a0\u00bb#FFFFFF\u00a0\u00bb min_height=\u00a0\u00bb600px\u00a0\u00bb min_height_tablet=\u00a0\u00bb600px\u00a0\u00bb min_height_phone=\u00a0\u00bb300px\u00a0\u00bb min_height_last_edited=\u00a0\u00bbon|phone\u00a0\u00bb height=\u00a0\u00bb45vw\u00a0\u00bb height_tablet=\u00a0\u00bb45vw\u00a0\u00bb height_phone=\u00a0\u00bb45vw\u00a0\u00bb height_last_edited=\u00a0\u00bbon|tablet\u00a0\u00bb custom_padding=\u00a0\u00bb5rem||||false|false\u00a0\u00bb custom_css_main_element=\u00a0\u00bbdisplay: flex;\u00a0\u00bb locked=\u00a0\u00bboff\u00a0\u00bb global_colors_info=\u00a0\u00bb{}\u00a0\u00bb custom_css_main_element_last_edited=\u00a0\u00bbon|phone\u00a0\u00bb custom_css_main_element_phone=\u00a0\u00bbdisplay: flex;||flex-direction: column;||height: calc(100vh &#8211; 30px)!important;\u00a0\u00bb custom_css_main_element_tablet=\u00a0\u00bbdisplay: flex;\u00a0\u00bb][et_pb_row custom_padding_last_edited=\u00a0\u00bbon|phone\u00a0\u00bb admin_label=\u00a0\u00bbtext\u00a0\u00bb module_class=\u00a0\u00bbuw-row\u00a0\u00bb _builder_version=\u00a0\u00bb4.21.2&Prime; _module_preset=\u00a0\u00bbdefault\u00a0\u00bb width=\u00a0\u00bb100%\u00a0\u00bb max_width=\u00a0\u00bb1200px\u00a0\u00bb custom_padding=\u00a0\u00bb|30px||30px|false|false\u00a0\u00bb custom_padding_tablet=\u00a0\u00bb|30px||30px|false|false\u00a0\u00bb custom_padding_phone=\u00a0\u00bb|20px||20px|false|false\u00a0\u00bb global_colors_info=\u00a0\u00bb{}\u00a0\u00bb][et_pb_column type=\u00a0\u00bb4_4&Prime; _builder_version=\u00a0\u00bb4.21.2&Prime; _module_preset=\u00a0\u00bbdefault\u00a0\u00bb global_colors_info=\u00a0\u00bb{}\u00a0\u00bb][et_pb_text disabled_on=\u00a0\u00bbon|on|on\u00a0\u00bb module_class=\u00a0\u00bbjs-fade-in\u00a0\u00bb _builder_version=\u00a0\u00bb4.21.2&Prime; _module_preset=\u00a0\u00bb07c2d128-b1b8-4688-845a-99e79f014fd2&Prime; disabled=\u00a0\u00bbon\u00a0\u00bb global_colors_info=\u00a0\u00bb{}\u00a0\u00bb]<\/p>\n<p>AVEC GANDA HAM<\/p>\n<p>[\/et_pb_text][et_pb_text _builder_version=\u00a0\u00bb4.21.2&Prime; _module_preset=\u00a0\u00bbd9901f4e-4869-4fbf-8d1d-c1d6046420d7&Prime; text_orientation=\u00a0\u00bbcenter\u00a0\u00bb module_alignment=\u00a0\u00bbcenter\u00a0\u00bb custom_margin=\u00a0\u00bb||0.5rem||false|false\u00a0\u00bb locked=\u00a0\u00bboff\u00a0\u00bb global_colors_info=\u00a0\u00bb{}\u00a0\u00bb]<\/p>\n<p><span>DES RECETTES SUBLIM\u00c9ES GR\u00c2CE AU JAMBON GANDA<\/span><\/p>\n<p>[\/et_pb_text][\/et_pb_column][\/et_pb_row][et_pb_row admin_label=\u00a0\u00bbbackground\u00a0\u00bb module_class=\u00a0\u00bbukiyo ukiyo_position-bottom\u00a0\u00bb _builder_version=\u00a0\u00bb4.21.2&Prime; _module_preset=\u00a0\u00bbdefault\u00a0\u00bb background_image=\u00a0\u00bbhttps:\/\/www.ganda.be\/wp-content\/uploads\/2023\/12\/AdobeStock_160218700_bewerkt-scaled-1.jpg\u00a0\u00bb background_position=\u00a0\u00bbbottom_center\u00a0\u00bb positioning=\u00a0\u00bbabsolute\u00a0\u00bb width=\u00a0\u00bb100%\u00a0\u00bb max_width=\u00a0\u00bb100%\u00a0\u00bb height=\u00a0\u00bb100%\u00a0\u00bb custom_padding=\u00a0\u00bb0px|0px|0px|0px|false|false\u00a0\u00bb global_colors_info=\u00a0\u00bb{}\u00a0\u00bb][et_pb_column type=\u00a0\u00bb4_4&Prime; _builder_version=\u00a0\u00bb4.21.2&Prime; _module_preset=\u00a0\u00bbdefault\u00a0\u00bb global_colors_info=\u00a0\u00bb{}\u00a0\u00bb][\/et_pb_column][\/et_pb_row][et_pb_row admin_label=\u00a0\u00bbdown\u00a0\u00bb _builder_version=\u00a0\u00bb4.21.2&Prime; _module_preset=\u00a0\u00bbdefault\u00a0\u00bb positioning=\u00a0\u00bbabsolute\u00a0\u00bb position_origin_a=\u00a0\u00bbbottom_center\u00a0\u00bb z_index=\u00a0\u00bb3&Prime; custom_padding=\u00a0\u00bb0px|0px|0px|0px|false|false\u00a0\u00bb global_colors_info=\u00a0\u00bb{}\u00a0\u00bb][et_pb_column type=\u00a0\u00bb4_4&Prime; _builder_version=\u00a0\u00bb4.21.2&Prime; _module_preset=\u00a0\u00bbdefault\u00a0\u00bb custom_css_main_element=\u00a0\u00bbdisplay: flex;||justify-content: center;\u00a0\u00bb global_colors_info=\u00a0\u00bb{}\u00a0\u00bb][et_pb_code _builder_version=\u00a0\u00bb4.21.2&Prime; _module_preset=\u00a0\u00bbdefault\u00a0\u00bb global_colors_info=\u00a0\u00bb{}\u00a0\u00bb]<a class=\"arrow_down\" href=\"#next\"><\/a>[\/et_pb_code][\/et_pb_column][\/et_pb_row][\/et_pb_section][et_pb_section fb_built=\u00a0\u00bb1&Prime; custom_padding_last_edited=\u00a0\u00bbon|phone\u00a0\u00bb module_id=\u00a0\u00bbnext\u00a0\u00bb _builder_version=\u00a0\u00bb4.21.2&Prime; _module_preset=\u00a0\u00bbdefault\u00a0\u00bb custom_padding=\u00a0\u00bb5rem||4rem||false|false\u00a0\u00bb custom_padding_tablet=\u00a0\u00bb3.5rem||2rem||false|false\u00a0\u00bb custom_padding_phone=\u00a0\u00bb1.5rem||||false|false\u00a0\u00bb global_colors_info=\u00a0\u00bb{}\u00a0\u00bb locked=\u00a0\u00bboff\u00a0\u00bb][et_pb_row custom_padding_last_edited=\u00a0\u00bbon|phone\u00a0\u00bb module_class=\u00a0\u00bbuw-row\u00a0\u00bb _builder_version=\u00a0\u00bb4.21.2&Prime; _module_preset=\u00a0\u00bbdefault\u00a0\u00bb width=\u00a0\u00bb100%\u00a0\u00bb max_width=\u00a0\u00bb1200px\u00a0\u00bb custom_padding=\u00a0\u00bb|30px||30px|false|false\u00a0\u00bb custom_padding_tablet=\u00a0\u00bb|30px||30px|false|false\u00a0\u00bb custom_padding_phone=\u00a0\u00bb|20px|1rem|20px|false|false\u00a0\u00bb locked=\u00a0\u00bboff\u00a0\u00bb global_colors_info=\u00a0\u00bb{}\u00a0\u00bb][et_pb_column type=\u00a0\u00bb4_4&Prime; _builder_version=\u00a0\u00bb4.21.0&Prime; _module_preset=\u00a0\u00bbdefault\u00a0\u00bb global_colors_info=\u00a0\u00bb{}\u00a0\u00bb][et_pb_text disabled_on=\u00a0\u00bbon|on|on\u00a0\u00bb module_class=\u00a0\u00bbtitle_decor js-fade-in\u00a0\u00bb _builder_version=\u00a0\u00bb4.21.2&Prime; _module_preset=\u00a0\u00bb128322f3-ee39-404c-a020-e0e453bfde7e\u00a0\u00bb header_2_text_align=\u00a0\u00bbcenter\u00a0\u00bb text_orientation=\u00a0\u00bbcenter\u00a0\u00bb module_alignment=\u00a0\u00bbcenter\u00a0\u00bb custom_margin=\u00a0\u00bb||0.6rem||false|false\u00a0\u00bb custom_margin_tablet=\u00a0\u00bb||0.6rem||false|false\u00a0\u00bb custom_margin_phone=\u00a0\u00bb||0.3rem||false|false\u00a0\u00bb custom_margin_last_edited=\u00a0\u00bbon|phone\u00a0\u00bb disabled=\u00a0\u00bbon\u00a0\u00bb global_colors_info=\u00a0\u00bb{}\u00a0\u00bb]<\/p>\n<h2>Zoek je recept<\/h2>\n<p>[\/et_pb_text][et_pb_text module_class=\u00a0\u00bbjs-fade-in\u00a0\u00bb _builder_version=\u00a0\u00bb4.21.2&Prime; _module_preset=\u00a0\u00bb128322f3-ee39-404c-a020-e0e453bfde7e\u00a0\u00bb header_2_text_align=\u00a0\u00bbcenter\u00a0\u00bb text_orientation=\u00a0\u00bbcenter\u00a0\u00bb custom_margin=\u00a0\u00bb||3rem||false|false\u00a0\u00bb custom_margin_tablet=\u00a0\u00bb||3rem||false|false\u00a0\u00bb custom_margin_phone=\u00a0\u00bb||2rem||false|false\u00a0\u00bb custom_margin_last_edited=\u00a0\u00bbon|phone\u00a0\u00bb custom_padding=\u00a0\u00bb||0px||false|false\u00a0\u00bb hover_enabled=\u00a0\u00bb0&Prime; global_colors_info=\u00a0\u00bb{}\u00a0\u00bb sticky_enabled=\u00a0\u00bb0&Prime;]<span>Envie d\u2019un d\u00e9licieux petit plat \u00e0 base de jambon Ganda?<br \/>\nD\u2019un sandwich, de tapas ou d\u2019une sp\u00e9cialit\u00e9 d\u2019un chef cuisinier?<br \/>\nConsultez r\u00e9guli\u00e8rement cette page pour de nouvelles recettes.<\/span><\/p>\n<p><span>Vous avez une id\u00e9e de plat originale qui fait la part belle \u00e0 notre jambon Ganda<\/span>? <a href=\"https:\/\/www.ganda.be\/fr\/contactez-nous\/\">N&rsquo;h\u00e9sitez pas \u00e0 nous en faire part<\/a>.[\/et_pb_text][et_pb_code module_class=\u00a0\u00bbrecepten_filters\u00a0\u00bb _builder_version=\u00a0\u00bb4.21.2&Prime; _module_preset=\u00a0\u00bbdefault\u00a0\u00bb global_colors_info=\u00a0\u00bb{}\u00a0\u00bb][\/et_pb_code][et_pb_custblog posts_number=\u00a0\u00bb9&Prime; use_manual_excerpt=\u00a0\u00bboff\u00a0\u00bb _builder_version=\u00a0\u00bb4.21.2&Prime; _module_preset=\u00a0\u00bbac29ea68-ffb9-48d0-bfa7-b23399ef2858&Prime; global_colors_info=\u00a0\u00bb{}\u00a0\u00bb][\/et_pb_custblog][\/et_pb_column][\/et_pb_row][\/et_pb_section][et_pb_section fb_built=\u00a0\u00bb1&Prime; custom_padding_last_edited=\u00a0\u00bbon|phone\u00a0\u00bb _builder_version=\u00a0\u00bb4.21.2&Prime; _module_preset=\u00a0\u00bbdefault\u00a0\u00bb background_color=\u00a0\u00bb#F7F4F1&Prime; background_size=\u00a0\u00bbcontain\u00a0\u00bb background_position=\u00a0\u00bbtop_center\u00a0\u00bb custom_padding=\u00a0\u00bb5rem||8rem||false|false\u00a0\u00bb custom_padding_tablet=\u00a0\u00bb4rem||7rem||false|false\u00a0\u00bb custom_padding_phone=\u00a0\u00bb1.5rem||4rem||false|false\u00a0\u00bb hover_enabled=\u00a0\u00bb0&Prime; locked=\u00a0\u00bboff\u00a0\u00bb global_colors_info=\u00a0\u00bb{}\u00a0\u00bb background_enable_image=\u00a0\u00bboff\u00a0\u00bb sticky_enabled=\u00a0\u00bb0&Prime;][et_pb_row custom_padding_last_edited=\u00a0\u00bbon|tablet\u00a0\u00bb module_class=\u00a0\u00bb_uw-row\u00a0\u00bb _builder_version=\u00a0\u00bb4.21.2&Prime; _module_preset=\u00a0\u00bbdefault\u00a0\u00bb width=\u00a0\u00bb100%\u00a0\u00bb max_width=\u00a0\u00bb1200px\u00a0\u00bb custom_padding=\u00a0\u00bb|30px|0px|30px|false|false\u00a0\u00bb custom_padding_tablet=\u00a0\u00bb|||30px|false|false\u00a0\u00bb custom_padding_phone=\u00a0\u00bb|20px||20px|false|false\u00a0\u00bb global_colors_info=\u00a0\u00bb{}\u00a0\u00bb][et_pb_column type=\u00a0\u00bb4_4&Prime; _builder_version=\u00a0\u00bb4.21.2&Prime; _module_preset=\u00a0\u00bbdefault\u00a0\u00bb global_colors_info=\u00a0\u00bb{}\u00a0\u00bb][et_pb_text module_class=\u00a0\u00bbtitle_decor js-fade-in\u00a0\u00bb _builder_version=\u00a0\u00bb4.21.2&Prime; _module_preset=\u00a0\u00bb128322f3-ee39-404c-a020-e0e453bfde7e\u00a0\u00bb header_2_text_align=\u00a0\u00bbcenter\u00a0\u00bb text_orientation=\u00a0\u00bbcenter\u00a0\u00bb max_width_tablet=\u00a0\u00bb\u00a0\u00bb max_width_phone=\u00a0\u00bb\u00a0\u00bb max_width_last_edited=\u00a0\u00bbon|phone\u00a0\u00bb module_alignment=\u00a0\u00bbcenter\u00a0\u00bb custom_margin=\u00a0\u00bb||0.6rem||false|false\u00a0\u00bb custom_margin_tablet=\u00a0\u00bb||0.6rem||false|false\u00a0\u00bb custom_margin_phone=\u00a0\u00bb||0.3rem||false|false\u00a0\u00bb custom_margin_last_edited=\u00a0\u00bbon|phone\u00a0\u00bb locked=\u00a0\u00bboff\u00a0\u00bb global_colors_info=\u00a0\u00bb{}\u00a0\u00bb]<\/p>\n<h2>Soumettez votre propre recette ?<\/h2>\n<p>[\/et_pb_text][et_pb_text module_class=\u00a0\u00bbjs-fade-in\u00a0\u00bb _builder_version=\u00a0\u00bb4.21.2&Prime; _module_preset=\u00a0\u00bb128322f3-ee39-404c-a020-e0e453bfde7e\u00a0\u00bb header_2_text_align=\u00a0\u00bbcenter\u00a0\u00bb text_orientation=\u00a0\u00bbcenter\u00a0\u00bb custom_margin=\u00a0\u00bb||3rem||false|false\u00a0\u00bb custom_margin_tablet=\u00a0\u00bb||2rem||false|false\u00a0\u00bb custom_margin_phone=\u00a0\u00bb||1rem||false|false\u00a0\u00bb custom_margin_last_edited=\u00a0\u00bbon|tablet\u00a0\u00bb custom_padding=\u00a0\u00bb||0px||false|false\u00a0\u00bb locked=\u00a0\u00bboff\u00a0\u00bb global_colors_info=\u00a0\u00bb{}\u00a0\u00bb]<\/p>\n<p>Avez-vous pr\u00e9par\u00e9 vous-m\u00eame un plat d\u00e9licieux \u00e0 base de jambon Ganda ?<\/p>\n<p>[\/et_pb_text][dsm_contact_form_7 module_class=\u00a0\u00bbjs-fade-in\u00a0\u00bb _builder_version=\u00a0\u00bb4.21.2&Prime; _module_preset=\u00a0\u00bb9d7d4ae2-1267-405d-b117-877b4ef7f6b3&Prime; global_colors_info=\u00a0\u00bb{}\u00a0\u00bb][\/dsm_contact_form_7][\/et_pb_column][\/et_pb_row][\/et_pb_section]<\/p>\n","protected":false},"excerpt":{"rendered":"<p>AVEC GANDA HAMDES RECETTES SUBLIM\u00c9ES GR\u00c2CE AU JAMBON GANDAZoek je receptEnvie d\u2019un d\u00e9licieux petit plat \u00e0 base de jambon Ganda? D\u2019un sandwich, de tapas ou d\u2019une sp\u00e9cialit\u00e9 d\u2019un chef cuisinier? Consultez r\u00e9guli\u00e8rement cette page pour de nouvelles recettes. Vous avez une id\u00e9e de plat originale qui fait la part belle \u00e0 notre jambon Ganda? N&rsquo;h\u00e9sitez pas \u00e0 nous en faire part.Soumettez votre propre recette ?Avez-vous pr\u00e9par\u00e9 vous-m\u00eame un plat d\u00e9licieux \u00e0 base de jambon Ganda ?<div class=\"et_pb_with_border et_pb_module dsm_contact_form_7 dsm_contact_form_7_0 js-fade-in\">\n\t\t\t\t\n\t\t\t\t\n\t\t\t\t\n\t\t\t\t\n\t\t\t\t\n\t\t\t\t\n\t\t\t\t<div class=\"et_pb_module_inner\">\n\t\t\t\t\t<div class=\"\">\n\t\t\t\t\n<div class=\"wpcf7 no-js\" id=\"wpcf7-f3634-o1\" lang=\"fr-FR\" dir=\"ltr\" data-wpcf7-id=\"3634\">\n<div class=\"screen-reader-response\"><p role=\"status\" aria-live=\"polite\" aria-atomic=\"true\"><\/p> <ul><\/ul><\/div>\n<form action=\"\/fr\/wp-json\/wp\/v2\/pages\/1441#wpcf7-f3634-o1\" method=\"post\" class=\"wpcf7-form init\" aria-label=\"Formulaire de contact\" enctype=\"multipart\/form-data\" novalidate=\"novalidate\" data-status=\"init\">\n<fieldset class=\"hidden-fields-container\"><input type=\"hidden\" name=\"_wpcf7\" value=\"3634\" \/><input type=\"hidden\" name=\"_wpcf7_version\" value=\"6.1.5\" \/><input type=\"hidden\" name=\"_wpcf7_locale\" value=\"fr_FR\" \/><input type=\"hidden\" name=\"_wpcf7_unit_tag\" value=\"wpcf7-f3634-o1\" \/><input type=\"hidden\" name=\"_wpcf7_container_post\" value=\"0\" \/><input type=\"hidden\" name=\"_wpcf7_posted_data_hash\" value=\"\" \/><input type=\"hidden\" name=\"_wpcf7_recaptcha_response\" value=\"\" \/>\n<\/fieldset>\n<div class=\"row-form\">\n\t<div class=\"col-form-6\">\n\t\t<p><label>Pr\u00e9nom <span class=\"red\">*<\/span><\/label><br \/>\n<span class=\"wpcf7-form-control-wrap\" data-name=\"first-name\"><input size=\"40\" maxlength=\"400\" class=\"wpcf7-form-control wpcf7-text wpcf7-validates-as-required\" aria-required=\"true\" aria-invalid=\"false\" placeholder=\"Entrez votre pr\u00e9nom\" value=\"\" type=\"text\" name=\"first-name\" \/><\/span>\n\t\t<\/p>\n\t<\/div>\n\t<div class=\"col-form-6\">\n\t\t<p><label>Nom <span class=\"red\">*<\/span><\/label><br \/>\n<span class=\"wpcf7-form-control-wrap\" data-name=\"last-name\"><input size=\"40\" maxlength=\"400\" class=\"wpcf7-form-control wpcf7-text wpcf7-validates-as-required\" aria-required=\"true\" aria-invalid=\"false\" placeholder=\"Entrez votre nom\" value=\"\" type=\"text\" name=\"last-name\" \/><\/span>\n\t\t<\/p>\n\t<\/div>\n<\/div>\n<div class=\"row-form\">\n\t<div class=\"col-form-6\">\n\t\t<p><label>Email <span class=\"red\">*<\/span><\/label><br \/>\n<span class=\"wpcf7-form-control-wrap\" data-name=\"email\"><input size=\"40\" maxlength=\"400\" class=\"wpcf7-form-control wpcf7-email wpcf7-validates-as-required wpcf7-text wpcf7-validates-as-email\" aria-required=\"true\" aria-invalid=\"false\" placeholder=\"Entrez votre adresse email\" value=\"\" type=\"email\" name=\"email\" \/><\/span>\n\t\t<\/p>\n\t<\/div>\n\t<div class=\"col-form-6\">\n\t\t<p><label>T\u00e9l\u00e9phone<\/label><br \/>\n<span class=\"wpcf7-form-control-wrap\" data-name=\"phone\"><input size=\"40\" maxlength=\"400\" class=\"wpcf7-form-control wpcf7-tel wpcf7-text wpcf7-validates-as-tel\" aria-invalid=\"false\" placeholder=\"Entrez votre num\u00e9ro de t\u00e9l\u00e9phone\" value=\"\" type=\"tel\" name=\"phone\" \/><\/span>\n\t\t<\/p>\n\t<\/div>\n<\/div>\n<div class=\"row-form\">\n\t<div class=\"col-form-12 field-nl\">\n\t\t<p><label>DOSSIER<\/label><br \/>\n<span class=\"wpcf7-form-control-wrap\" data-name=\"file-attachment\"><input size=\"40\" class=\"wpcf7-form-control wpcf7-file fileuploadfield\" accept=\".jpg,.jpeg,.png,.gif,.pdf,.doc,.docx,.ppt,.pptx,.odt,.avi,.ogg,.m4a,.mov,.mp3,.mp4,.mpg,.wav,.wmv\" aria-invalid=\"false\" type=\"file\" name=\"file-attachment\" \/><\/span>\n\t\t<\/p>\n\t<\/div>\n<\/div>\n<div class=\"row-form\">\n\t<div class=\"col-form-12\">\n\t\t<p><label>R\u00e9cepteur <span class=\"red\">*<\/span><\/label><br \/>\n<span class=\"wpcf7-form-control-wrap\" data-name=\"your-message\"><textarea cols=\"40\" rows=\"10\" maxlength=\"2000\" class=\"wpcf7-form-control wpcf7-textarea wpcf7-validates-as-required\" aria-required=\"true\" aria-invalid=\"false\" placeholder=\"Que voulez-vous ajouter?\" name=\"your-message\"><\/textarea><\/span>\n\t\t<\/p>\n\t<\/div>\n<\/div>\n<p><span class=\"wpcf7-form-control-wrap\" data-name=\"acceptance-386\"><span class=\"wpcf7-form-control wpcf7-acceptance\"><span class=\"wpcf7-list-item\"><label><input type=\"checkbox\" name=\"acceptance-386\" value=\"1\" aria-invalid=\"false\" \/><span class=\"wpcf7-list-item-label\">J'accepte la politique de <a href=\"\/privacybeleid\">confidentialit\u00e9<\/a><\/span><\/label><\/span><\/span><\/span>\n<\/p>\n<p><button class=\"wpcf7-form-control wpcf7-submit has-spinner et_pb_button et_pb_bg_layout_light\" type=\"submit\" value=\"SOUMETTRE LA RECETTE\">SOUMETTRE LA RECETTE<\/button>\n<\/p><div class=\"wpcf7-response-output\" aria-hidden=\"true\"><\/div>\n<\/form>\n<\/div>\n\n\t\t\t<\/div>\n\t\t\t\t<\/div>\n\t\t\t<\/div><\/p>\n","protected":false},"author":1,"featured_media":0,"parent":0,"menu_order":0,"comment_status":"closed","ping_status":"closed","template":"","meta":{"_acf_changed":false,"_et_pb_use_builder":"on","_et_pb_old_content":"","_et_gb_content_width":"","inline_featured_image":false,"footnotes":""},"class_list":["post-1441","page","type-page","status-publish","hentry"],"acf":[],"yoast_head":"<!-- This site is optimized with the Yoast SEO plugin v27.4 - https:\/\/yoast.com\/product\/yoast-seo-wordpress\/ -->\n<title>R\u00e9cepteur - Ganda<\/title>\n<meta name=\"robots\" content=\"index, follow, max-snippet:-1, max-image-preview:large, max-video-preview:-1\" \/>\n<link rel=\"canonical\" href=\"https:\/\/www.ganda.be\/recepten\/\" \/>\n<meta property=\"og:locale\" content=\"fr_FR\" \/>\n<meta property=\"og:type\" content=\"article\" \/>\n<meta property=\"og:title\" content=\"R\u00e9cepteur - Ganda\" \/>\n<meta property=\"og:description\" content=\"AVEC GANDA HAMDES RECETTES SUBLIM\u00c9ES GR\u00c2CE AU JAMBON GANDAZoek je receptEnvie d\u2019un d\u00e9licieux petit plat \u00e0 base de jambon Ganda? D\u2019un sandwich, de tapas ou d\u2019une sp\u00e9cialit\u00e9 d\u2019un chef cuisinier? Consultez r\u00e9guli\u00e8rement cette page pour de nouvelles recettes. Vous avez une id\u00e9e de plat originale qui fait la part belle \u00e0 notre jambon Ganda? N&#039;h\u00e9sitez pas \u00e0 nous en faire part.Soumettez votre propre recette ?Avez-vous pr\u00e9par\u00e9 vous-m\u00eame un plat d\u00e9licieux \u00e0 base de jambon Ganda ?\" \/>\n<meta property=\"og:url\" content=\"https:\/\/www.ganda.be\/recepten\/\" \/>\n<meta property=\"og:site_name\" content=\"Ganda\" \/>\n<meta property=\"article:modified_time\" content=\"2024-01-10T11:55:13+00:00\" \/>\n<meta name=\"twitter:card\" content=\"summary_large_image\" \/>\n<meta name=\"twitter:label1\" content=\"Dur\u00e9e de lecture estim\u00e9e\" \/>\n\t<meta name=\"twitter:data1\" content=\"5 minutes\" \/>\n<script type=\"application\/ld+json\" class=\"yoast-schema-graph\">{\"@context\":\"https:\\\/\\\/schema.org\",\"@graph\":[{\"@type\":\"WebPage\",\"@id\":\"https:\\\/\\\/www.ganda.be\\\/recepten\\\/\",\"url\":\"https:\\\/\\\/www.ganda.be\\\/recepten\\\/\",\"name\":\"R\u00e9cepteur - Ganda\",\"isPartOf\":{\"@id\":\"https:\\\/\\\/www.ganda.be\\\/#website\"},\"datePublished\":\"2023-08-27T13:21:38+00:00\",\"dateModified\":\"2024-01-10T11:55:13+00:00\",\"breadcrumb\":{\"@id\":\"https:\\\/\\\/www.ganda.be\\\/recepten\\\/#breadcrumb\"},\"inLanguage\":\"fr-FR\",\"potentialAction\":[{\"@type\":\"ReadAction\",\"target\":[\"https:\\\/\\\/www.ganda.be\\\/recepten\\\/\"]}]},{\"@type\":\"BreadcrumbList\",\"@id\":\"https:\\\/\\\/www.ganda.be\\\/recepten\\\/#breadcrumb\",\"itemListElement\":[{\"@type\":\"ListItem\",\"position\":1,\"name\":\"Home\",\"item\":\"https:\\\/\\\/www.ganda.be\\\/\"},{\"@type\":\"ListItem\",\"position\":2,\"name\":\"R\u00e9cepteur\"}]},{\"@type\":\"WebSite\",\"@id\":\"https:\\\/\\\/www.ganda.be\\\/#website\",\"url\":\"https:\\\/\\\/www.ganda.be\\\/\",\"name\":\"Ganda\",\"description\":\"Smaakmaker van gezelligheid\",\"potentialAction\":[{\"@type\":\"SearchAction\",\"target\":{\"@type\":\"EntryPoint\",\"urlTemplate\":\"https:\\\/\\\/www.ganda.be\\\/?s={search_term_string}\"},\"query-input\":{\"@type\":\"PropertyValueSpecification\",\"valueRequired\":true,\"valueName\":\"search_term_string\"}}],\"inLanguage\":\"fr-FR\"}]}<\/script>\n<!-- \/ Yoast SEO plugin. -->","yoast_head_json":{"title":"R\u00e9cepteur - Ganda","robots":{"index":"index","follow":"follow","max-snippet":"max-snippet:-1","max-image-preview":"max-image-preview:large","max-video-preview":"max-video-preview:-1"},"canonical":"https:\/\/www.ganda.be\/recepten\/","og_locale":"fr_FR","og_type":"article","og_title":"R\u00e9cepteur - Ganda","og_description":"AVEC GANDA HAMDES RECETTES SUBLIM\u00c9ES GR\u00c2CE AU JAMBON GANDAZoek je receptEnvie d\u2019un d\u00e9licieux petit plat \u00e0 base de jambon Ganda? D\u2019un sandwich, de tapas ou d\u2019une sp\u00e9cialit\u00e9 d\u2019un chef cuisinier? Consultez r\u00e9guli\u00e8rement cette page pour de nouvelles recettes. Vous avez une id\u00e9e de plat originale qui fait la part belle \u00e0 notre jambon Ganda? N'h\u00e9sitez pas \u00e0 nous en faire part.Soumettez votre propre recette ?Avez-vous pr\u00e9par\u00e9 vous-m\u00eame un plat d\u00e9licieux \u00e0 base de jambon Ganda ?","og_url":"https:\/\/www.ganda.be\/recepten\/","og_site_name":"Ganda","article_modified_time":"2024-01-10T11:55:13+00:00","twitter_card":"summary_large_image","twitter_misc":{"Dur\u00e9e de lecture estim\u00e9e":"5 minutes"},"schema":{"@context":"https:\/\/schema.org","@graph":[{"@type":"WebPage","@id":"https:\/\/www.ganda.be\/recepten\/","url":"https:\/\/www.ganda.be\/recepten\/","name":"R\u00e9cepteur - Ganda","isPartOf":{"@id":"https:\/\/www.ganda.be\/#website"},"datePublished":"2023-08-27T13:21:38+00:00","dateModified":"2024-01-10T11:55:13+00:00","breadcrumb":{"@id":"https:\/\/www.ganda.be\/recepten\/#breadcrumb"},"inLanguage":"fr-FR","potentialAction":[{"@type":"ReadAction","target":["https:\/\/www.ganda.be\/recepten\/"]}]},{"@type":"BreadcrumbList","@id":"https:\/\/www.ganda.be\/recepten\/#breadcrumb","itemListElement":[{"@type":"ListItem","position":1,"name":"Home","item":"https:\/\/www.ganda.be\/"},{"@type":"ListItem","position":2,"name":"R\u00e9cepteur"}]},{"@type":"WebSite","@id":"https:\/\/www.ganda.be\/#website","url":"https:\/\/www.ganda.be\/","name":"Ganda","description":"Smaakmaker van gezelligheid","potentialAction":[{"@type":"SearchAction","target":{"@type":"EntryPoint","urlTemplate":"https:\/\/www.ganda.be\/?s={search_term_string}"},"query-input":{"@type":"PropertyValueSpecification","valueRequired":true,"valueName":"search_term_string"}}],"inLanguage":"fr-FR"}]}},"_links":{"self":[{"href":"https:\/\/www.ganda.be\/fr\/wp-json\/wp\/v2\/pages\/1441","targetHints":{"allow":["GET"]}}],"collection":[{"href":"https:\/\/www.ganda.be\/fr\/wp-json\/wp\/v2\/pages"}],"about":[{"href":"https:\/\/www.ganda.be\/fr\/wp-json\/wp\/v2\/types\/page"}],"author":[{"embeddable":true,"href":"https:\/\/www.ganda.be\/fr\/wp-json\/wp\/v2\/users\/1"}],"replies":[{"embeddable":true,"href":"https:\/\/www.ganda.be\/fr\/wp-json\/wp\/v2\/comments?post=1441"}],"version-history":[{"count":18,"href":"https:\/\/www.ganda.be\/fr\/wp-json\/wp\/v2\/pages\/1441\/revisions"}],"predecessor-version":[{"id":3681,"href":"https:\/\/www.ganda.be\/fr\/wp-json\/wp\/v2\/pages\/1441\/revisions\/3681"}],"wp:attachment":[{"href":"https:\/\/www.ganda.be\/fr\/wp-json\/wp\/v2\/media?parent=1441"}],"curies":[{"name":"wp","href":"https:\/\/api.w.org\/{rel}","templated":true}]}}